{"id":39,"date":"2019-11-11T02:21:50","date_gmt":"2019-11-11T02:21:50","guid":{"rendered":"https:\/\/barristar.wpocean.com\/?page_id=39"},"modified":"2025-03-04T10:02:06","modified_gmt":"2025-03-04T09:02:06","slug":"contact","status":"publish","type":"page","link":"https:\/\/finna.moebiusinteractive.hu\/index.php\/contact\/","title":{"rendered":"Kapcsolat"},"content":{"rendered":"\t\t<div data-elementor-type=\"wp-page\" data-elementor-id=\"39\" class=\"elementor elementor-39\">\n\t\t\t\t\t\t<section class=\"elementor-section elementor-top-section elementor-element elementor-element-e34dbe8 elementor-section-boxed elementor-section-height-default elementor-section-height-default\" data-id=\"e34dbe8\" data-element_type=\"section\">\n\t\t\t\t\t\t<div class=\"elementor-container elementor-column-gap-default\">\n\t\t\t\t\t<div class=\"elementor-column elementor-col-50 elementor-top-column elementor-element elementor-element-2bbdf87\" data-id=\"2bbdf87\" data-element_type=\"column\">\n\t\t\t<div class=\"elementor-widget-wrap elementor-element-populated\">\n\t\t\t\t\t\t<div class=\"elementor-element elementor-element-f2f41b8 elementor-widget elementor-widget-wpo-barristar_contactinfo\" data-id=\"f2f41b8\" data-element_type=\"widget\" data-widget_type=\"wpo-barristar_contactinfo.default\">\n\t\t\t\t<div class=\"elementor-widget-container\">\n\t\t\t\t\t\t\t<div class=\"contact-page-area\">\r\n\t\t\t<div class=\"contact-page-item\">\r\n\t\t\t\t<h2>Kapcsolati adatok<\/h2><P>Keressen az al\u00e1bbi el\u00e9rhet\u0151s\u00e9geken<\/P>\t\t\t\t\t\t<div class=\"single-info\">\r\n\t\t\t\t\t\t\t<div class=\"info-con\">\r\n\t\t\t\t\t\t\t\t<i class='fi icon_pin_alt'><\/i>\t\t\t\t\t\t\t<\/div>\r\n\t\t\t\t\t\t\t<div class=\"phone\">\r\n\t\t\t\t\t\t\t\t<h3>C\u00edm<\/h3>4400 Ny\u00edregyh\u00e1za, V\u00edz utca 31.\n\t\t\t\t\t\t\t<\/div>\r\n\t\t\t\t\t\t<\/div>\r\n\t\t\t\t\t\t\t\t\t\t<div class=\"single-info\">\r\n\t\t\t\t\t\t\t<div class=\"info-con\">\r\n\t\t\t\t\t\t\t\t<i class='fi icon-earphones-alt'><\/i>\t\t\t\t\t\t\t<\/div>\r\n\t\t\t\t\t\t\t<div class=\"phone\">\r\n\t\t\t\t\t\t\t\t<h3>Telefon<\/h3><span>06 70 508 6961<\/span>\t\t\t\t\t\t\t<\/div>\r\n\t\t\t\t\t\t<\/div>\r\n\t\t\t\t\t\t\t\t\t\t<div class=\"single-info\">\r\n\t\t\t\t\t\t\t<div class=\"info-con\">\r\n\t\t\t\t\t\t\t\t<i class='fi icon-envelope-open'><\/i>\t\t\t\t\t\t\t<\/div>\r\n\t\t\t\t\t\t\t<div class=\"phone\">\r\n\t\t\t\t\t\t\t\t<h3>Email<\/h3><span>drszlovenszkiadrienn@gmail.com<\/span>\t\t\t\t\t\t\t<\/div>\r\n\t\t\t\t\t\t<\/div>\r\n\t\t\t\t\t\t\t<\/div>\r\n\t\t<\/div>\r\n\t\t\t\t<\/div>\n\t\t\t\t<\/div>\n\t\t\t\t\t<\/div>\n\t\t<\/div>\n\t\t\t\t<div class=\"elementor-column elementor-col-50 elementor-top-column elementor-element elementor-element-89912b0\" data-id=\"89912b0\" data-element_type=\"column\">\n\t\t\t<div class=\"elementor-widget-wrap elementor-element-populated\">\n\t\t\t\t\t\t<div class=\"elementor-element elementor-element-ba130ee elementor-widget elementor-widget-wpo-barristar_contact_form\" data-id=\"ba130ee\" data-element_type=\"widget\" data-widget_type=\"wpo-barristar_contact_form.default\">\n\t\t\t\t<div class=\"elementor-widget-container\">\n\t\t\t\t\t\t\t\t<div class=\"contact contact-page-area\">\r\n\t\t\t\t<div class=\"contact-area contact-area-2 contact-area-3\">\r\n\t\t\t\t\t<h2>K\u00fcldj\u00f6n \u00fczenetet<\/h2>\t\t\t\t\t<div class=\"contact-form\">\r\n\t\t\t\t\t\t\n<div class=\"wpcf7 no-js\" id=\"wpcf7-f131-o1\" lang=\"en-US\" dir=\"ltr\" data-wpcf7-id=\"131\">\n<div class=\"screen-reader-response\"><p role=\"status\" aria-live=\"polite\" aria-atomic=\"true\"><\/p> <ul><\/ul><\/div>\n<form action=\"\/index.php\/wp-json\/wp\/v2\/pages\/39#wpcf7-f131-o1\" method=\"post\" class=\"wpcf7-form init\" aria-label=\"Contact form\" novalidate=\"novalidate\" data-status=\"init\">\n<div style=\"display: none;\">\n<input type=\"hidden\" name=\"_wpcf7\" value=\"131\" \/>\n<input type=\"hidden\" name=\"_wpcf7_version\" value=\"6.0.3\" \/>\n<input type=\"hidden\" name=\"_wpcf7_locale\" value=\"en_US\" \/>\n<input type=\"hidden\" name=\"_wpcf7_unit_tag\" value=\"wpcf7-f131-o1\" \/>\n<input type=\"hidden\" name=\"_wpcf7_container_post\" value=\"0\" \/>\n<input type=\"hidden\" name=\"_wpcf7_posted_data_hash\" value=\"\" \/>\n<\/div>\n<div class=\"contact-home\">\n\t<div class=\"half-col\">\n\t\t<p><span class=\"wpcf7-form-control-wrap\" data-name=\"text-100\"><input size=\"40\" maxlength=\"400\" class=\"wpcf7-form-control wpcf7-text wpcf7-validates-as-required form-control\" aria-required=\"true\" aria-invalid=\"false\" placeholder=\"Az \u00d6n neve\" value=\"\" type=\"text\" name=\"text-100\" \/><\/span>\n\t\t<\/p>\n\t<\/div>\n\t<div class=\"half-col\">\n\t\t<p><span class=\"wpcf7-form-control-wrap\" data-name=\"text-329\"><input size=\"40\" maxlength=\"400\" class=\"wpcf7-form-control wpcf7-text wpcf7-validates-as-required form-control\" aria-required=\"true\" aria-invalid=\"false\" placeholder=\"Telefonsz\u00e1m\" value=\"\" type=\"text\" name=\"text-329\" \/><\/span>\n\t\t<\/p>\n\t<\/div>\n\t<div class=\"half-col\">\n\t\t<p><span class=\"wpcf7-form-control-wrap\" data-name=\"email-633\"><input size=\"40\" maxlength=\"400\" class=\"wpcf7-form-control wpcf7-email wpcf7-validates-as-required wpcf7-text wpcf7-validates-as-email form-control\" aria-required=\"true\" aria-invalid=\"false\" placeholder=\"E-mail\" value=\"\" type=\"email\" name=\"email-633\" \/><\/span>\n\t\t<\/p>\n\t<\/div>\n\t<div class=\"half-col\">\n\t\t<p><span class=\"wpcf7-form-control-wrap\" data-name=\"menu-475\"><select class=\"wpcf7-form-control wpcf7-select wpcf7-validates-as-required form-control\" aria-required=\"true\" aria-invalid=\"false\" name=\"menu-475\"><option value=\"C\u00e9ges jog\">C\u00e9ges jog<\/option><option value=\"B\u00fcntet\u0151 jog\">B\u00fcntet\u0151 jog<\/option><option value=\"Drogprevenci\u00f3\">Drogprevenci\u00f3<\/option><option value=\"Oktat\u00e1s\">Oktat\u00e1s<\/option><option value=\"E\u00dc jog\">E\u00dc jog<\/option><\/select><\/span>\n\t\t<\/p>\n\t<\/div>\n\t<div>\n\t\t<p><span class=\"wpcf7-form-control-wrap\" data-name=\"textarea-8\"><textarea cols=\"40\" rows=\"10\" maxlength=\"2000\" class=\"wpcf7-form-control wpcf7-textarea wpcf7-validates-as-required form-control\" aria-required=\"true\" aria-invalid=\"false\" placeholder=\"\u00dczenet\" name=\"textarea-8\"><\/textarea><\/span>\n\t\t<\/p>\n\t<\/div>\n\t<div class=\"submit-btn-wrapper\">\n\t\t<p><input class=\"wpcf7-form-control wpcf7-submit has-spinner theme-btn\" type=\"submit\" value=\"Elk\u00fcld\" \/>\n\t\t<\/p>\n\t<\/div>\n<\/div><div class=\"wpcf7-response-output\" aria-hidden=\"true\"><\/div>\n<\/form>\n<\/div>\n\t\t\t\t\t<\/div>\r\n\t\t\t\t<\/div>\r\n\t\t\t<\/div>\r\n\t\t\t\t<\/div>\n\t\t\t\t<\/div>\n\t\t\t\t\t<\/div>\n\t\t<\/div>\n\t\t\t\t\t<\/div>\n\t\t<\/section>\n\t\t\t\t<section class=\"elementor-section elementor-top-section elementor-element elementor-element-cc5e776 elementor-section-boxed elementor-section-height-default elementor-section-height-default\" data-id=\"cc5e776\" data-element_type=\"section\">\n\t\t\t\t\t\t<div class=\"elementor-container elementor-column-gap-default\">\n\t\t\t\t\t<div class=\"elementor-column elementor-col-100 elementor-top-column elementor-element elementor-element-c7b9e03\" data-id=\"c7b9e03\" data-element_type=\"column\">\n\t\t\t<div class=\"elementor-widget-wrap elementor-element-populated\">\n\t\t\t\t\t\t<div class=\"elementor-element elementor-element-ec02b1c elementor-widget elementor-widget-google_maps\" data-id=\"ec02b1c\" data-element_type=\"widget\" data-widget_type=\"google_maps.default\">\n\t\t\t\t<div class=\"elementor-widget-container\">\n\t\t\t\t\t\t\t<div class=\"elementor-custom-embed\">\n\t\t\t<iframe loading=\"lazy\"\n\t\t\t\t\tsrc=\"https:\/\/maps.google.com\/maps?q=Ny%C3%ADregyh%C3%A1za%2C%20V%C3%ADz%20utca%2031.&#038;t=m&#038;z=16&#038;output=embed&#038;iwloc=near\"\n\t\t\t\t\ttitle=\"Ny\u00edregyh\u00e1za, V\u00edz utca 31.\"\n\t\t\t\t\taria-label=\"Ny\u00edregyh\u00e1za, V\u00edz utca 31.\"\n\t\t\t><\/iframe>\n\t\t<\/div>\n\t\t\t\t\t\t<\/div>\n\t\t\t\t<\/div>\n\t\t\t\t\t<\/div>\n\t\t<\/div>\n\t\t\t\t\t<\/div>\n\t\t<\/section>\n\t\t\t\t<\/div>\n\t\t","protected":false},"excerpt":{"rendered":"Kapcsolati adatok Keressen az al\u00e1bbi el\u00e9rhet\u0151s\u00e9geken C\u00edm 4400 Ny\u00edregyh\u00e1za, V\u00edz utca 31. Telefon 06 70 508 6961 Email drszlovenszkiadrienn@gmail.com K\u00fcldj\u00f6n \u00fczenetet C\u00e9ges jogB\u00fcntet\u0151 jogDrogprevenci\u00f3Oktat\u00e1sE\u00dc jog","protected":false},"author":1,"featured_media":0,"parent":0,"menu_order":0,"comment_status":"closed","ping_status":"closed","template":"elementor_header_footer","meta":{"footnotes":""},"class_list":["post-39","page","type-page","status-publish","hentry"],"_links":{"self":[{"href":"https:\/\/finna.moebiusinteractive.hu\/index.php\/wp-json\/wp\/v2\/pages\/39","targetHints":{"allow":["GET"]}}],"collection":[{"href":"https:\/\/finna.moebiusinteractive.hu\/index.php\/wp-json\/wp\/v2\/pages"}],"about":[{"href":"https:\/\/finna.moebiusinteractive.hu\/index.php\/wp-json\/wp\/v2\/types\/page"}],"author":[{"embeddable":true,"href":"https:\/\/finna.moebiusinteractive.hu\/index.php\/wp-json\/wp\/v2\/users\/1"}],"replies":[{"embeddable":true,"href":"https:\/\/finna.moebiusinteractive.hu\/index.php\/wp-json\/wp\/v2\/comments?post=39"}],"version-history":[{"count":5,"href":"https:\/\/finna.moebiusinteractive.hu\/index.php\/wp-json\/wp\/v2\/pages\/39\/revisions"}],"predecessor-version":[{"id":450,"href":"https:\/\/finna.moebiusinteractive.hu\/index.php\/wp-json\/wp\/v2\/pages\/39\/revisions\/450"}],"wp:attachment":[{"href":"https:\/\/finna.moebiusinteractive.hu\/index.php\/wp-json\/wp\/v2\/media?parent=39"}],"curies":[{"name":"wp","href":"https:\/\/api.w.org\/{rel}","templated":true}]}}