{"id":37,"date":"2019-11-11T02:21:41","date_gmt":"2019-11-11T02:21:41","guid":{"rendered":"https:\/\/barristar.wpocean.com\/?page_id=37"},"modified":"2025-03-04T12:33:03","modified_gmt":"2025-03-04T11:33:03","slug":"about","status":"publish","type":"page","link":"https:\/\/finna.moebiusinteractive.hu\/index.php\/about\/","title":{"rendered":"Bemutatkoz\u00e1s"},"content":{"rendered":"\t\t<div data-elementor-type=\"wp-page\" data-elementor-id=\"37\" class=\"elementor elementor-37\">\n\t\t\t\t\t\t<section class=\"elementor-section elementor-top-section elementor-element elementor-element-260b78d elementor-section-full_width elementor-section-height-default elementor-section-height-default\" data-id=\"260b78d\" data-element_type=\"section\">\n\t\t\t\t\t\t<div class=\"elementor-container elementor-column-gap-no\">\n\t\t\t\t\t<div class=\"elementor-column elementor-col-100 elementor-top-column elementor-element elementor-element-7e4ce94\" data-id=\"7e4ce94\" data-element_type=\"column\">\n\t\t\t<div class=\"elementor-widget-wrap elementor-element-populated\">\n\t\t\t\t\t\t<div class=\"elementor-element elementor-element-e27e3d7 elementor-widget elementor-widget-wpo-barristar_about\" data-id=\"e27e3d7\" data-element_type=\"widget\" data-settings=\"{&quot;about_image&quot;:{&quot;url&quot;:&quot;http:\\\/\\\/barristar.wpocean.com\\\/wp-content\\\/uploads\\\/2019\\\/11\\\/about-image-1-min.jpg&quot;,&quot;id&quot;:30,&quot;size&quot;:&quot;&quot;},&quot;signature_image&quot;:{&quot;url&quot;:&quot;http:\\\/\\\/barristar.wpocean.com\\\/wp-content\\\/uploads\\\/2019\\\/11\\\/signature-min.png&quot;,&quot;id&quot;:31,&quot;size&quot;:&quot;&quot;}}\" data-widget_type=\"wpo-barristar_about.default\">\n\t\t\t\t<div class=\"elementor-widget-container\">\n\t\t\t\t\t\t\t<div class=\"about-section  about-area about-area2\">\r\n\t\t\t<div class=\"container\">\r\n\t\t\t\t<div class=\"row\">\r\n\t\t\t\t\t\t\t\t\t\t\t<div class=\"col col-lg-6 col-md-6\">\r\n\t\t\t\t\t\t\t<div class=\"about-title\">\r\n\t\t\t\t\t\t\t\t<div class=\"img-holder\">\r\n\t\t\t\t\t\t\t\t\t<img decoding=\"async\" src=\"https:\/\/finna.moebiusinteractive.hu\/wp-content\/uploads\/2019\/11\/about-image-1-min.jpg\" alt=\"\">\t\t\t\t\t\t\t\t<\/div>\r\n\t\t\t\t\t\t\t<\/div>\r\n\t\t\t\t\t\t<\/div>\r\n\t\t\t\t\t\t<div class=\"col-lg-6 col-md-6\">\r\n\t\t\t\t\t\t\t<div class=\"about-text\">\r\n\t\t\t\t\t\t\t\t<h2>Bemutatkoz\u00e1s<\/h2><p>Dr. Szlovenszki Adrienn \u00fcgyv\u00e9d vagyok a Ny\u00edregyh\u00e1zi \u00dcgyv\u00e9di Kamara tagja.<\/p><p>Jogi diplom\u00e1mat a Miskolci Egyetem \u00c1llam-\u00e9s Jogtudom\u00e1nyi Kar\u00e1n szereztem 2006-ban, majd 2007-ben szint\u00e9n a Miskolci Egyetemen szereztem meg EU szakir\u00e1nyos politol\u00f3gus v\u00e9gzetts\u00e9gemet.<\/p><p>Egy\u00e9ni \u00fcgyv\u00e9di tev\u00e9kenys\u00e9gemet Ny\u00edregyh\u00e1za belv\u00e1ros\u00e1ban folytatom. Mind a kapcsolatfelv\u00e9tel, mind pedig az \u00fcgyf\u00e9lfogad\u00e1s sor\u00e1n igyekszem rugalmasan elj\u00e1rni.<\/p><p>Miut\u00e1n megnyitottam \u00f6n\u00e1ll\u00f3 \u00fcgyv\u00e9di irod\u00e1mat, kiemelten kezdtem foglalkozni csal\u00e1djogi \u00fcgyekkel. \u00dagy \u00e9rzem, hogy csal\u00e1djogi \u00fcgyekben elj\u00e1rni, k\u00e9pviseletet v\u00e1llalni, m\u00e1sok \u00e9let\u00e9be beleavatkozni nagy felel\u0151ss\u00e9ggel j\u00e1r. Mind, akik hozz\u00e1m fordulnak megtapasztalj\u00e1k, hogy az \u00fcgyv\u00e9d-\u00fcgyf\u00e9l kapcsolat a csal\u00e1djog ter\u00fcleten m\u00e1s \u00e9rtelmet kap, mint egy\u00e9b m\u00e1s elj\u00e1r\u00e1sokban. Tudom azt, hogy \u00fcgyfeleim sokszor \u00e9let\u00fck legnehezebb h\u00f3napjait \u00e9lik \u00e1t, \u00e9rz\u00e9kenyebbek, sebezhet\u0151ek \u00e9s a lehet\u0151s\u00e9geikr\u0151l val\u00f3 t\u00e1j\u00e9koztat\u00e1s mellett fontos az is, hogy megtal\u00e1ljanak \u00e9s el\u00e9rhet\u0151 legyek a sz\u00e1mukra. Az els\u0151 konzult\u00e1ci\u00f3 sor\u00e1n megbesz\u00e9lj\u00fck, hogy mi az, amit el szeretn\u00e9nek \u00e9rni, \u00e9s felv\u00e1zoljuk a jogi lehet\u0151s\u00e9geket. Minden esetben t\u00f6rekszem a peres elj\u00e1r\u00e1st megel\u0151z\u0151 egyezs\u00e9gk\u00f6t\u00e9sre, mivel a tapasztalataim azt mutatj\u00e1k, hogy az legt\u00f6bb esetben mindenki sz\u00e1m\u00e1ra megnyugtat\u00f3bb. Egyezs\u00e9get nem az\u00e9rt k\u00f6t\u00fcnk, mert bele kell t\u00f6r\u0151dni valamibe. Amennyiben a helyzet \u00fagy k\u00edv\u00e1nja, mindent megteszek \u00fcgyfeleim \u00e9rdek\u00e9ben a jog \u00e1ltal biztos\u00edtott keretek k\u00f6z\u00f6tt.<\/p><p>C\u00e9lom \u00fcgyfeleim magas sz\u00ednvonal\u00fa szakmai k\u00e9pviselete. Minden esetben arra t\u00f6rekszem, hogy a legr\u00f6videbb id\u0151n bel\u00fcl, a legmegfelel\u0151bb megold\u00e1st tal\u00e1ljam meg \u00fcgyfeleim r\u00e9sz\u00e9re.<\/p>\t\t\t\t\t\t\t\t<div class=\"btns\">\r\n\t\t\t\t\t\t\t\t\t<div class=\"btn-style\">\r\n\t\t\t\t\t\t\t\t\t\t\t\t\t\t\t\t\t\t\t<\/div>\r\n\t\t\t\t\t\t\t\t<\/div>\r\n\t\t\t\t\t\t\t\t<div class=\"signature\">\r\n\t\t\t\t\t\t\t\t\t<img decoding=\"async\" src=\"https:\/\/finna.moebiusinteractive.hu\/wp-content\/uploads\/2019\/11\/signature-min.png\" alt=\"\">\t\t\t\t\t\t\t\t<\/div>\r\n\t\t\t\t\t\t\t<\/div>\r\n\t\t\t\t\t\t<\/div>\r\n\t\t\t\t\t\t\t\t\t<\/div>\r\n\t\t\t<\/div>\r\n\t\t<\/div>\r\n\t\t\t\t<\/div>\n\t\t\t\t<\/div>\n\t\t\t\t\t<\/div>\n\t\t<\/div>\n\t\t\t\t\t<\/div>\n\t\t<\/section>\n\t\t\t\t<section class=\"elementor-section elementor-top-section elementor-element elementor-element-ee484ab elementor-section-boxed elementor-section-height-default elementor-section-height-default\" data-id=\"ee484ab\" data-element_type=\"section\" data-settings=\"{&quot;background_background&quot;:&quot;classic&quot;}\">\n\t\t\t\t\t\t\t<div class=\"elementor-background-overlay\"><\/div>\n\t\t\t\t\t\t\t<div class=\"elementor-container elementor-column-gap-no\">\n\t\t\t\t\t<div class=\"elementor-column elementor-col-100 elementor-top-column elementor-element elementor-element-05ae0ed\" data-id=\"05ae0ed\" data-element_type=\"column\">\n\t\t\t<div class=\"elementor-widget-wrap elementor-element-populated\">\n\t\t\t\t\t\t<div class=\"elementor-element elementor-element-9425a4f elementor-widget elementor-widget-wpo-barristar_funfact\" data-id=\"9425a4f\" data-element_type=\"widget\" data-widget_type=\"wpo-barristar_funfact.default\">\n\t\t\t\t<div class=\"elementor-widget-container\">\n\t\t\t\t\t\t\t<div class=\"counter-area  counter-area2\">\r\n\t\t\t<div class=\"container\">\r\n\t\t\t\t<div class=\"row\">\r\n\t\t\t\t\t<div class=\"col-lg-12\">\r\n\t\t\t\t\t\t<div class=\"counter-grids\">\r\n\t\t\t\t\t\t\t\t\t\t\t\t\t\t\t\t<div class=\"grid\">\r\n\t\t\t\t\t\t\t\t\t\t<div>\r\n\t\t\t\t\t\t\t\t\t\t\t<h2><span class=\"odometer\" data-count=\"95\">00<\/span>%<\/h2>\t\t\t\t\t\t\t\t\t\t<\/div>\r\n\t\t\t\t\t\t\t\t\t\t<p>nyertes elj\u00e1r\u00e1s<\/p>\t\t\t\t\t\t\t\t\t<\/div>\r\n\t\t\t\t\t\t\t\t\t\t\t\t\t\t\t\t<div class=\"grid\">\r\n\t\t\t\t\t\t\t\t\t\t<div>\r\n\t\t\t\t\t\t\t\t\t\t\t<h2><span class=\"odometer\" data-count=\"899\">00<\/span><\/h2>\t\t\t\t\t\t\t\t\t\t<\/div>\r\n\t\t\t\t\t\t\t\t\t\t<p>el\u00e9gedett \u00fcgyf\u00e9l<\/p>\t\t\t\t\t\t\t\t\t<\/div>\r\n\t\t\t\t\t\t\t\t\t\t\t\t\t\t\t\t<div class=\"grid\">\r\n\t\t\t\t\t\t\t\t\t\t<div>\r\n\t\t\t\t\t\t\t\t\t\t\t<h2><span class=\"odometer\" data-count=\"165\">00<\/span>+<\/h2>\t\t\t\t\t\t\t\t\t\t<\/div>\r\n\t\t\t\t\t\t\t\t\t\t<p>peren k\u00edv\u00fcli meg\u00e1llapod\u00e1s<\/p>\t\t\t\t\t\t\t\t\t<\/div>\r\n\t\t\t\t\t\t\t\t\t\t\t\t\t\t\t\t<div class=\"grid\">\r\n\t\t\t\t\t\t\t\t\t\t<div>\r\n\t\t\t\t\t\t\t\t\t\t\t<h2><span class=\"odometer\" data-count=\"9\">00<\/span>%<\/h2>\t\t\t\t\t\t\t\t\t\t<\/div>\r\n\t\t\t\t\t\t\t\t\t\t<p>elutas\u00edtott \u00fcgy<\/p>\t\t\t\t\t\t\t\t\t<\/div>\r\n\t\t\t\t\t\t\t\t\t\t\t\t\t<\/div>\r\n\t\t\t\t\t<\/div>\r\n\t\t\t\t<\/div>\r\n\t\t\t<\/div>\r\n\t\t<\/div>\r\n\t\t\t\t<\/div>\n\t\t\t\t<\/div>\n\t\t\t\t\t<\/div>\n\t\t<\/div>\n\t\t\t\t\t<\/div>\n\t\t<\/section>\n\t\t\t\t<section class=\"elementor-section elementor-top-section elementor-element elementor-element-c7ba924 elementor-section-boxed elementor-section-height-default elementor-section-height-default\" data-id=\"c7ba924\" data-element_type=\"section\">\n\t\t\t\t\t\t<div class=\"elementor-container elementor-column-gap-default\">\n\t\t\t\t\t<div class=\"elementor-column elementor-col-100 elementor-top-column elementor-element elementor-element-bb618ff\" data-id=\"bb618ff\" data-element_type=\"column\">\n\t\t\t<div class=\"elementor-widget-wrap elementor-element-populated\">\n\t\t\t\t\t\t<div class=\"elementor-element elementor-element-a5c6a0c elementor-widget elementor-widget-wpo-barristar_title\" data-id=\"a5c6a0c\" data-element_type=\"widget\" data-widget_type=\"wpo-barristar_title.default\">\n\t\t\t\t<div class=\"elementor-widget-container\">\n\t\t\t\t\t\t\t<div class=\"title-area text-center\">\n\t\t\t<div class=\"section-title\">\n\t\t\t\t<span>szakk\u00e9pzett \u00fcgyv\u00e9dek<\/span><h2>Ismerje meg szak\u00e9rt\u0151inket<\/h2>\t\t\t<\/div>\n\t\t<\/div>\n\t\t\t\t<\/div>\n\t\t\t\t<\/div>\n\t\t\t\t<div class=\"elementor-element elementor-element-51538a9 elementor-widget elementor-widget-wpo-barristar_attorney\" data-id=\"51538a9\" data-element_type=\"widget\" data-widget_type=\"wpo-barristar_attorney.default\">\n\t\t\t\t<div class=\"elementor-widget-container\">\n\t\t\t\t\t\r\n\t\t<div class=\"expert-area\">\r\n\t\t\t<div class=\"expert-active owl-carousel\"  data-items=\"3\"  data-nav=\"true\">\r\n\t\t\t\t\t\t\t\t\t\t\t\t\t\t\t\t\t\t<div class=\"attorney-content\">\r\n\t\t\t\t\t\t\t\t\t<div class=\"expert-single\">\r\n\t\t\t\t\t\t\t\t\t\t<div class=\"expert-img\">\r\n\t\t\t\t\t\t\t\t\t\t\t<img decoding=\"async\" src=\"https:\/\/finna.moebiusinteractive.hu\/wp-content\/uploads\/2019\/11\/attorney-6-min.jpg\" alt=\"\">\r\n\t\t\t\t\t\t\t\t\t\t<\/div>\r\n\t\t\t\t\t\t\t\t\t\t<div class=\"expert-content text-center\">\r\n\t\t\t\t\t\t\t\t\t\t\t<h3><a href=\"https:\/\/finna.moebiusinteractive.hu\/index.php\/attorney\/darcy-alec\/\">dr. Finna Csaba<\/a><\/h3>\r\n\t\t\t\t\t\t\t\t\t\t\t<span>egy\u00e9ni \u00fcgyv\u00e9d<\/span>\r\n\t\t\t\t\t\t\t\t\t\t\t<ul class=\"d-flex\">\r\n\t\t\t\t\t\t\t\t\t\t\t\t<li><a href=\"\"><i class=\"fa fa-facebook\" aria-hidden=\"true\"><\/i><\/a><\/li>\t\t\t\t\t\t\t\t\t\t\t<\/ul>\r\n\t\t\t\t\t\t\t\t\t\t<\/div>\r\n\t\t\t\t\t\t\t\t\t<\/div>\r\n\t\t\t\t\t\t\t\t<\/div>\r\n\t\t\t\t\t\t\t\t\t\t\t\t\t\t\t<div class=\"attorney-content\">\r\n\t\t\t\t\t\t\t\t\t<div class=\"expert-single\">\r\n\t\t\t\t\t\t\t\t\t\t<div class=\"expert-img\">\r\n\t\t\t\t\t\t\t\t\t\t\t<img decoding=\"async\" src=\"https:\/\/finna.moebiusinteractive.hu\/wp-content\/uploads\/2019\/11\/attorney-5-min.jpg\" alt=\"\">\r\n\t\t\t\t\t\t\t\t\t\t<\/div>\r\n\t\t\t\t\t\t\t\t\t\t<div class=\"expert-content text-center\">\r\n\t\t\t\t\t\t\t\t\t\t\t<h3><a href=\"https:\/\/finna.moebiusinteractive.hu\/index.php\/attorney\/daniel-dambeldor\/\">dr. Szlovenszki Adrienn<\/a><\/h3>\r\n\t\t\t\t\t\t\t\t\t\t\t<span>egy\u00e9ni \u00fcgyv\u00e9d<\/span>\r\n\t\t\t\t\t\t\t\t\t\t\t<ul class=\"d-flex\">\r\n\t\t\t\t\t\t\t\t\t\t\t\t<li><a href=\"https:\/\/www.facebook.com\/adrienn.szlovenszki\"><i class=\"fa fa-facebook\" aria-hidden=\"true\"><\/i><\/a><\/li>\t\t\t\t\t\t\t\t\t\t\t<\/ul>\r\n\t\t\t\t\t\t\t\t\t\t<\/div>\r\n\t\t\t\t\t\t\t\t\t<\/div>\r\n\t\t\t\t\t\t\t\t<\/div>\r\n\t\t\t\t\t\t\t\t\t\t\t\t\t\t\t<div class=\"attorney-content\">\r\n\t\t\t\t\t\t\t\t\t<div class=\"expert-single\">\r\n\t\t\t\t\t\t\t\t\t\t<div class=\"expert-img\">\r\n\t\t\t\t\t\t\t\t\t\t\t<img decoding=\"async\" src=\"https:\/\/finna.moebiusinteractive.hu\/wp-content\/uploads\/2019\/11\/attorney-3-min.jpg\" alt=\"\">\r\n\t\t\t\t\t\t\t\t\t\t<\/div>\r\n\t\t\t\t\t\t\t\t\t\t<div class=\"expert-content text-center\">\r\n\t\t\t\t\t\t\t\t\t\t\t<h3><a href=\"https:\/\/finna.moebiusinteractive.hu\/index.php\/attorney\/willam-stephen\/\">dr. Valaki<\/a><\/h3>\r\n\t\t\t\t\t\t\t\t\t\t\t<span>Family Lawyer<\/span>\r\n\t\t\t\t\t\t\t\t\t\t\t<ul class=\"d-flex\">\r\n\t\t\t\t\t\t\t\t\t\t\t\t<li><a href=\"#\"><i class=\"fa fa-facebook\" aria-hidden=\"true\"><\/i><\/a><\/li><li><a href=\"#\"><i class=\"fa fa-twitter\" aria-hidden=\"true\"><\/i><\/a><\/li><li><a href=\"#\"><i class=\"fa fa-linkedin\" aria-hidden=\"true\"><\/i><\/a><\/li><li><a href=\"#\"><i class=\"fa fa-pinterest-p\" aria-hidden=\"true\"><\/i><\/a><\/li>\t\t\t\t\t\t\t\t\t\t\t<\/ul>\r\n\t\t\t\t\t\t\t\t\t\t<\/div>\r\n\t\t\t\t\t\t\t\t\t<\/div>\r\n\t\t\t\t\t\t\t\t<\/div>\r\n\t\t\t\t\t\t\t\t\t\t<\/div>\r\n\t\t<\/div>\r\n\r\n\t\t\t\t<\/div>\n\t\t\t\t<\/div>\n\t\t\t\t\t<\/div>\n\t\t<\/div>\n\t\t\t\t\t<\/div>\n\t\t<\/section>\n\t\t\t\t<section class=\"elementor-section elementor-top-section elementor-element elementor-element-87c7925 elementor-section-boxed elementor-section-height-default elementor-section-height-default\" data-id=\"87c7925\" data-element_type=\"section\">\n\t\t\t\t\t\t<div class=\"elementor-container elementor-column-gap-no\">\n\t\t\t\t\t<div class=\"elementor-column elementor-col-100 elementor-top-column elementor-element elementor-element-302da0d\" data-id=\"302da0d\" data-element_type=\"column\">\n\t\t\t<div class=\"elementor-widget-wrap elementor-element-populated\">\n\t\t\t\t\t\t<div class=\"elementor-element elementor-element-81c5006 elementor-widget elementor-widget-wpo-barristar_testimonial\" data-id=\"81c5006\" data-element_type=\"widget\" data-widget_type=\"wpo-barristar_testimonial.default\">\n\t\t\t\t<div class=\"elementor-widget-container\">\n\t\t\t\t\t\t\t<div class=\"testimonial-area\">\r\n\t\t\t<div class=\"container\">\r\n\t\t\t\t<div class=\"row\">\r\n\t\t\t\t\t<div class=\"col-lg-4 col-md-6\">\r\n\t\t\t\t\t\t<div class=\"testimonial-img\">\r\n\t\t\t\t\t\t\t<img decoding=\"async\" src=\"https:\/\/finna.moebiusinteractive.hu\/wp-content\/uploads\/2019\/11\/testi-img-min-min.png\" alt=\"\">\t\t\t\t\t\t<\/div>\r\n\t\t\t\t\t<\/div>\r\n\t\t\t\t\t<div class=\"col-lg-7 col-lg-offset-1 col-md-6\">\r\n\t\t\t\t\t\t<div class=\"testimonial-text\">\r\n\t\t\t\t\t\t\t<div class=\"title\">\r\n\t\t\t\t\t\t\t\t<span>\u00dcgyfeleink v\u00e9lem\u00e9nye<\/span><h2>\u00dcgyf\u00e9lel\u00e9gedetts\u00e9g<\/h2>\t\t\t\t\t\t\t<\/div>\r\n\t\t\t\t\t\t\t<div class=\"testimonial-slide owl-carousel\">\r\n\t\t\t\t\t\t\t\t\t\t\t\t\t\t\t\t\t\t<div class=\"slide-item\">\r\n\t\t\t\t\t\t\t\t\t\t\t<p>Ingatlanjogban a legprofibb. MIndenben seg\u00edts\u00e9gemre volt, aj\u00e1nlom b\u00e1rkinek!\n<\/p>\t\t\t\t\t\t\t\t\t\t\t<div class=\"thumb-img\">\r\n\t\t\t\t\t\t\t\t\t\t\t\t<img decoding=\"async\" src=\"https:\/\/finna.moebiusinteractive.hu\/wp-content\/uploads\/2019\/11\/testi-2-min.png\" alt=\"\">\t\t\t\t\t\t\t\t\t\t\t<\/div>\r\n\t\t\t\t\t\t\t\t\t\t\t<div class=\"img-content\">\r\n\t\t\t\t\t\t\t\t\t\t\t\t<h4>Kov\u00e1cs Mikl\u00f3s<\/h4><span>h\u00e1ztulajdonos<\/span>\t\t\t\t\t\t\t\t\t\t\t<\/div>\r\n\t\t\t\t\t\t\t\t\t\t<\/div>\r\n\t\t\t\t\t\t\t\t\t\t\t\t\t\t\t\t\t\t<div class=\"slide-item\">\r\n\t\t\t\t\t\t\t\t\t\t\t<p>Annyira \u00f6r\u00fcl\u00f6k, hogy r\u00e1tal\u00e1ltam \u00fcgyv\u00e9dn\u0151re. Nem is gondoltam, hogy ennyire gyorsan \u00e9s egyszer\u0171en meg lehet oldani egy vit\u00e1st k\u00e9rd\u00e9st. K\u00f6sz\u00f6n\u00f6m!\n<\/p>\t\t\t\t\t\t\t\t\t\t\t<div class=\"thumb-img\">\r\n\t\t\t\t\t\t\t\t\t\t\t\t<img decoding=\"async\" src=\"https:\/\/finna.moebiusinteractive.hu\/wp-content\/uploads\/2025\/03\/attorney_22.png\" alt=\"\">\t\t\t\t\t\t\t\t\t\t\t<\/div>\r\n\t\t\t\t\t\t\t\t\t\t\t<div class=\"img-content\">\r\n\t\t\t\t\t\t\t\t\t\t\t\t<h4>G\u00f6rgei Ferenc<\/h4><span>nemperes elj\u00e1r\u00e1s<\/span>\t\t\t\t\t\t\t\t\t\t\t<\/div>\r\n\t\t\t\t\t\t\t\t\t\t<\/div>\r\n\t\t\t\t\t\t\t\t\t\t\t\t\t\t\t<\/div>\r\n\t\t\t\t\t\t<\/div>\r\n\t\t\t\t\t<\/div>\r\n\t\t\t\t<\/div>\r\n\t\t\t<\/div>\r\n\t\t<\/div>\r\n\t\t\t\t<\/div>\n\t\t\t\t<\/div>\n\t\t\t\t\t<\/div>\n\t\t<\/div>\n\t\t\t\t\t<\/div>\n\t\t<\/section>\n\t\t\t\t<\/div>\n\t\t","protected":false},"excerpt":{"rendered":"Bemutatkoz\u00e1s Dr. Szlovenszki Adrienn \u00fcgyv\u00e9d vagyok a Ny\u00edregyh\u00e1zi \u00dcgyv\u00e9di Kamara tagja. Jogi diplom\u00e1mat a Miskolci Egyetem \u00c1llam-\u00e9s Jogtudom\u00e1nyi Kar\u00e1n szereztem 2006-ban, majd 2007-ben szint\u00e9n a Miskolci Egyetemen szereztem meg EU szakir\u00e1nyos politol\u00f3gus v\u00e9gzetts\u00e9gemet. Egy\u00e9ni \u00fcgyv\u00e9di tev\u00e9kenys\u00e9gemet Ny\u00edregyh\u00e1za belv\u00e1ros\u00e1ban folytatom. Mind a kapcsolatfelv\u00e9tel, mind pedig az \u00fcgyf\u00e9lfogad\u00e1s sor\u00e1n igyekszem rugalmasan elj\u00e1rni. Miut\u00e1n megnyitottam \u00f6n\u00e1ll\u00f3 \u00fcgyv\u00e9di irod\u00e1mat, ","protected":false},"author":1,"featured_media":0,"parent":0,"menu_order":0,"comment_status":"closed","ping_status":"closed","template":"elementor_header_footer","meta":{"footnotes":""},"class_list":["post-37","page","type-page","status-publish","hentry"],"_links":{"self":[{"href":"https:\/\/finna.moebiusinteractive.hu\/index.php\/wp-json\/wp\/v2\/pages\/37","targetHints":{"allow":["GET"]}}],"collection":[{"href":"https:\/\/finna.moebiusinteractive.hu\/index.php\/wp-json\/wp\/v2\/pages"}],"about":[{"href":"https:\/\/finna.moebiusinteractive.hu\/index.php\/wp-json\/wp\/v2\/types\/page"}],"author":[{"embeddable":true,"href":"https:\/\/finna.moebiusinteractive.hu\/index.php\/wp-json\/wp\/v2\/users\/1"}],"replies":[{"embeddable":true,"href":"https:\/\/finna.moebiusinteractive.hu\/index.php\/wp-json\/wp\/v2\/comments?post=37"}],"version-history":[{"count":11,"href":"https:\/\/finna.moebiusinteractive.hu\/index.php\/wp-json\/wp\/v2\/pages\/37\/revisions"}],"predecessor-version":[{"id":542,"href":"https:\/\/finna.moebiusinteractive.hu\/index.php\/wp-json\/wp\/v2\/pages\/37\/revisions\/542"}],"wp:attachment":[{"href":"https:\/\/finna.moebiusinteractive.hu\/index.php\/wp-json\/wp\/v2\/media?parent=37"}],"curies":[{"name":"wp","href":"https:\/\/api.w.org\/{rel}","templated":true}]}}