{"id":239,"date":"2019-11-11T12:13:58","date_gmt":"2019-11-11T12:13:58","guid":{"rendered":"https:\/\/barristar.wpocean.com\/?page_id=239"},"modified":"2019-11-11T12:13:58","modified_gmt":"2019-11-11T12:13:58","slug":"practice-s2","status":"publish","type":"page","link":"https:\/\/finna.moebiusinteractive.hu\/index.php\/practice-s2\/","title":{"rendered":"Practice s2"},"content":{"rendered":"\t\t<div data-elementor-type=\"wp-page\" data-elementor-id=\"239\" class=\"elementor elementor-239\">\n\t\t\t\t\t\t<section class=\"elementor-section elementor-top-section elementor-element elementor-element-91aa1a0 elementor-section-boxed elementor-section-height-default elementor-section-height-default\" data-id=\"91aa1a0\" data-element_type=\"section\">\n\t\t\t\t\t\t<div class=\"elementor-container elementor-column-gap-default\">\n\t\t\t\t\t<div class=\"elementor-column elementor-col-100 elementor-top-column elementor-element elementor-element-8dcfdd0\" data-id=\"8dcfdd0\" data-element_type=\"column\">\n\t\t\t<div class=\"elementor-widget-wrap elementor-element-populated\">\n\t\t\t\t\t\t<div class=\"elementor-element elementor-element-162b5e1 elementor-widget elementor-widget-wpo-barristar_title\" data-id=\"162b5e1\" data-element_type=\"widget\" data-widget_type=\"wpo-barristar_title.default\">\n\t\t\t\t<div class=\"elementor-widget-container\">\n\t\t\t\t\t\t\t<div class=\"title-area text-center\">\n\t\t\t<div class=\"section-title\">\n\t\t\t\t<span>How Can We Help You<\/span><h2>Area Of Practice<\/h2>\t\t\t<\/div>\n\t\t<\/div>\n\t\t\t\t<\/div>\n\t\t\t\t<\/div>\n\t\t\t\t<div class=\"elementor-element elementor-element-8692923 elementor-widget elementor-widget-wpo-barristar_service\" data-id=\"8692923\" data-element_type=\"widget\" data-widget_type=\"wpo-barristar_service.default\">\n\t\t\t\t<div class=\"elementor-widget-container\">\n\t\t\t\t\t\t\t<div class=\"practice-area practice-area2 practice-area-3\">\n\t\t\t<div class=\"row clearfix\">\n\t\t\t\t\t\t\t\t\t\t\t<div class=\"col-lg-4 col-md-6 col-sm-6\">\n\t\t\t\t\t\t\t\t<div class=\"service-item\">\n\t\t\t\t\t\t\t\t\t<div class=\"row\">\n\t\t\t\t\t\t\t\t\t\t<div class=\"service-icon\">\n\t\t\t\t\t\t\t\t\t\t\t<i class=\"fi flaticon-parents\"><\/i>\n\t\t\t\t\t\t\t\t\t\t<\/div>\n\t\t\t\t\t\t\t\t\t\t<div class=\"service-text\">\n\t\t\t\t\t\t\t\t\t\t\t<h3><a href=\"https:\/\/finna.moebiusinteractive.hu\/index.php\/service\/family-law\/\">Csal\u00e1djog<\/a><\/h3>\n\t\t\t\t\t\t\t\t\t\t\t<p>A csal\u00e1djog a jogtudom\u00e1nynak az a ter\u00fclete, amely b\u00e1r egyes orsz\u00e1gokban \u00f6n\u00e1ll\u00f3 jog\u00e1gk\u00e9nt, m\u00edg m\u00e1shol a<\/p>\n\t\t\t\t\t\t\t\t\t\t\t\t\t\t\t\t\t\t\t\t\t\t\t<a href=\"https:\/\/finna.moebiusinteractive.hu\/index.php\/service\/family-law\/\">Read More<\/a>\n\t\t\t\t\t\t\t\t\t\t\t\t\t\t\t\t\t\t\t\t\t<\/div>\n\t\t\t\t\t\t\t\t\t<\/div>\n\t\t\t\t\t\t\t\t<\/div>\n\t\t\t\t\t\t\t<\/div>\n\t\t\t\t\t\t\t\t\t\t\t\t\t<div class=\"col-lg-4 col-md-6 col-sm-6\">\n\t\t\t\t\t\t\t\t<div class=\"service-item\">\n\t\t\t\t\t\t\t\t\t<div class=\"row\">\n\t\t\t\t\t\t\t\t\t\t<div class=\"service-icon\">\n\t\t\t\t\t\t\t\t\t\t\t<i class=\"fi flaticon-wounded\"><\/i>\n\t\t\t\t\t\t\t\t\t\t<\/div>\n\t\t\t\t\t\t\t\t\t\t<div class=\"service-text\">\n\t\t\t\t\t\t\t\t\t\t\t<h3><a href=\"https:\/\/finna.moebiusinteractive.hu\/index.php\/service\/personal-injury\/\">Nemperes elj\u00e1r\u00e1sok<\/a><\/h3>\n\t\t\t\t\t\t\t\t\t\t\t<p>I must explain to you how all this mistaken idea of denouncing pleasure and praising pain<\/p>\n\t\t\t\t\t\t\t\t\t\t\t\t\t\t\t\t\t\t\t\t\t\t\t<a href=\"https:\/\/finna.moebiusinteractive.hu\/index.php\/service\/personal-injury\/\">Read More<\/a>\n\t\t\t\t\t\t\t\t\t\t\t\t\t\t\t\t\t\t\t\t\t<\/div>\n\t\t\t\t\t\t\t\t\t<\/div>\n\t\t\t\t\t\t\t\t<\/div>\n\t\t\t\t\t\t\t<\/div>\n\t\t\t\t\t\t\t\t\t\t\t\t\t<div class=\"col-lg-4 col-md-6 col-sm-6\">\n\t\t\t\t\t\t\t\t<div class=\"service-item\">\n\t\t\t\t\t\t\t\t\t<div class=\"row\">\n\t\t\t\t\t\t\t\t\t\t<div class=\"service-icon\">\n\t\t\t\t\t\t\t\t\t\t\t<i class=\"fi flaticon-thief\"><\/i>\n\t\t\t\t\t\t\t\t\t\t<\/div>\n\t\t\t\t\t\t\t\t\t\t<div class=\"service-text\">\n\t\t\t\t\t\t\t\t\t\t\t<h3><a href=\"https:\/\/finna.moebiusinteractive.hu\/index.php\/service\/criminal-law\/\">B\u00fcntet\u0151 jog<\/a><\/h3>\n\t\t\t\t\t\t\t\t\t\t\t<p>I must explain to you how all this mistaken idea of denouncing pleasure and praising pain<\/p>\n\t\t\t\t\t\t\t\t\t\t\t\t\t\t\t\t\t\t\t\t\t\t\t<a href=\"https:\/\/finna.moebiusinteractive.hu\/index.php\/service\/criminal-law\/\">Read More<\/a>\n\t\t\t\t\t\t\t\t\t\t\t\t\t\t\t\t\t\t\t\t\t<\/div>\n\t\t\t\t\t\t\t\t\t<\/div>\n\t\t\t\t\t\t\t\t<\/div>\n\t\t\t\t\t\t\t<\/div>\n\t\t\t\t\t\t\t\t\t\t\t\t\t<div class=\"col-lg-4 col-md-6 col-sm-6\">\n\t\t\t\t\t\t\t\t<div class=\"service-item\">\n\t\t\t\t\t\t\t\t\t<div class=\"row\">\n\t\t\t\t\t\t\t\t\t\t<div class=\"service-icon\">\n\t\t\t\t\t\t\t\t\t\t\t<i class=\"fi flaticon-university-graduate-hat\"><\/i>\n\t\t\t\t\t\t\t\t\t\t<\/div>\n\t\t\t\t\t\t\t\t\t\t<div class=\"service-text\">\n\t\t\t\t\t\t\t\t\t\t\t<h3><a href=\"https:\/\/finna.moebiusinteractive.hu\/index.php\/service\/education-law\/\">K\u00e1rt\u00e9r\u00edt\u00e9si \u00fcgyek<\/a><\/h3>\n\t\t\t\t\t\t\t\t\t\t\t<p>I must explain to you how all this mistaken idea of denouncing pleasure and praising pain<\/p>\n\t\t\t\t\t\t\t\t\t\t\t\t\t\t\t\t\t\t\t\t\t\t\t<a href=\"https:\/\/finna.moebiusinteractive.hu\/index.php\/service\/education-law\/\">Read More<\/a>\n\t\t\t\t\t\t\t\t\t\t\t\t\t\t\t\t\t\t\t\t\t<\/div>\n\t\t\t\t\t\t\t\t\t<\/div>\n\t\t\t\t\t\t\t\t<\/div>\n\t\t\t\t\t\t\t<\/div>\n\t\t\t\t\t\t\t\t\t\t\t\t\t<div class=\"col-lg-4 col-md-6 col-sm-6\">\n\t\t\t\t\t\t\t\t<div class=\"service-item\">\n\t\t\t\t\t\t\t\t\t<div class=\"row\">\n\t\t\t\t\t\t\t\t\t\t<div class=\"service-icon\">\n\t\t\t\t\t\t\t\t\t\t\t<i class=\"fi flaticon-house\"><\/i>\n\t\t\t\t\t\t\t\t\t\t<\/div>\n\t\t\t\t\t\t\t\t\t\t<div class=\"service-text\">\n\t\t\t\t\t\t\t\t\t\t\t<h3><a href=\"https:\/\/finna.moebiusinteractive.hu\/index.php\/service\/real-estate-law\/\">\u00d6r\u00f6kl\u00e9si jog<\/a><\/h3>\n\t\t\t\t\t\t\t\t\t\t\t<p>I must explain to you how all this mistaken idea of denouncing pleasure and praising pain<\/p>\n\t\t\t\t\t\t\t\t\t\t\t\t\t\t\t\t\t\t\t\t\t\t\t<a href=\"https:\/\/finna.moebiusinteractive.hu\/index.php\/service\/real-estate-law\/\">Read More<\/a>\n\t\t\t\t\t\t\t\t\t\t\t\t\t\t\t\t\t\t\t\t\t<\/div>\n\t\t\t\t\t\t\t\t\t<\/div>\n\t\t\t\t\t\t\t\t<\/div>\n\t\t\t\t\t\t\t<\/div>\n\t\t\t\t\t\t\t\t\t\t\t\t\t<div class=\"col-lg-4 col-md-6 col-sm-6\">\n\t\t\t\t\t\t\t\t<div class=\"service-item\">\n\t\t\t\t\t\t\t\t\t<div class=\"row\">\n\t\t\t\t\t\t\t\t\t\t<div class=\"service-icon\">\n\t\t\t\t\t\t\t\t\t\t\t<i class=\"fi flaticon-scale\"><\/i>\n\t\t\t\t\t\t\t\t\t\t<\/div>\n\t\t\t\t\t\t\t\t\t\t<div class=\"service-text\">\n\t\t\t\t\t\t\t\t\t\t\t<h3><a href=\"https:\/\/finna.moebiusinteractive.hu\/index.php\/service\/business-law\/\">Ingatlan jog<\/a><\/h3>\n\t\t\t\t\t\t\t\t\t\t\t<p>I must explain to you how all this mistaken idea of denouncing pleasure and praising pain<\/p>\n\t\t\t\t\t\t\t\t\t\t\t\t\t\t\t\t\t\t\t\t\t\t\t<a href=\"https:\/\/finna.moebiusinteractive.hu\/index.php\/service\/business-law\/\">Read More<\/a>\n\t\t\t\t\t\t\t\t\t\t\t\t\t\t\t\t\t\t\t\t\t<\/div>\n\t\t\t\t\t\t\t\t\t<\/div>\n\t\t\t\t\t\t\t\t<\/div>\n\t\t\t\t\t\t\t<\/div>\n\t\t\t\t\t\t\t\t\t<\/div>\n\t\t<\/div>\n\t\t\t\t<\/div>\n\t\t\t\t<\/div>\n\t\t\t\t\t<\/div>\n\t\t<\/div>\n\t\t\t\t\t<\/div>\n\t\t<\/section>\n\t\t\t\t<section class=\"elementor-section elementor-top-section elementor-element elementor-element-16ba1d0 elementor-section-boxed elementor-section-height-default elementor-section-height-default\" data-id=\"16ba1d0\" data-element_type=\"section\" data-settings=\"{&quot;background_background&quot;:&quot;classic&quot;}\">\n\t\t\t\t\t\t<div class=\"elementor-container elementor-column-gap-default\">\n\t\t\t\t\t<div class=\"elementor-column elementor-col-100 elementor-top-column elementor-element elementor-element-78f8c2f\" data-id=\"78f8c2f\" data-element_type=\"column\">\n\t\t\t<div class=\"elementor-widget-wrap elementor-element-populated\">\n\t\t\t\t\t\t<div class=\"elementor-element elementor-element-385998a elementor-widget elementor-widget-shortcode\" data-id=\"385998a\" data-element_type=\"widget\" data-widget_type=\"shortcode.default\">\n\t\t\t\t<div class=\"elementor-widget-container\">\n\t\t\t\t\t\t\t<div class=\"elementor-shortcode\"><script>(function() {\n\twindow.mc4wp = window.mc4wp || {\n\t\tlisteners: [],\n\t\tforms: {\n\t\t\ton: function(evt, cb) {\n\t\t\t\twindow.mc4wp.listeners.push(\n\t\t\t\t\t{\n\t\t\t\t\t\tevent   : evt,\n\t\t\t\t\t\tcallback: cb\n\t\t\t\t\t}\n\t\t\t\t);\n\t\t\t}\n\t\t}\n\t}\n})();\n<\/script><!-- Mailchimp for WordPress v4.10.1 - https:\/\/wordpress.org\/plugins\/mailchimp-for-wp\/ --><form id=\"mc4wp-form-1\" class=\"mc4wp-form mc4wp-form-184\" method=\"post\" data-id=\"184\" data-name=\"barristar-sucribe\" ><div class=\"mc4wp-form-fields\"><section class=\"social-newsletter-section\">\r\n    <div class=\"row\">\r\n        <div class=\"col-lg-12\">\r\n            <div class=\"newsletter text-center\">\r\n                <h3>Subscribe  Newsletter<\/h3>\r\n                <div class=\"newsletter-form\">\r\n                    \r\n                        <input type=\"text\" class=\"form-control\" placeholder=\"Enter Your Email Address...\">\r\n                        <button type=\"submit\">subscribe<\/button>\r\n                    \r\n                <\/div>\r\n            <\/div>\r\n        <\/div>\r\n    <\/div>\r\n<\/section><\/div><label style=\"display: none !important;\">Ha \u00d6n ember, hagyja \u00fcresen ezt a mez\u0151t: <input type=\"text\" name=\"_mc4wp_honeypot\" value=\"\" tabindex=\"-1\" autocomplete=\"off\" \/><\/label><input type=\"hidden\" name=\"_mc4wp_timestamp\" value=\"1775801560\" \/><input type=\"hidden\" name=\"_mc4wp_form_id\" value=\"184\" \/><input type=\"hidden\" name=\"_mc4wp_form_element_id\" value=\"mc4wp-form-1\" \/><div class=\"mc4wp-response\"><\/div><\/form><!-- \/ Mailchimp for WordPress Plugin --><\/div>\n\t\t\t\t\t\t<\/div>\n\t\t\t\t<\/div>\n\t\t\t\t\t<\/div>\n\t\t<\/div>\n\t\t\t\t\t<\/div>\n\t\t<\/section>\n\t\t\t\t<\/div>\n\t\t","protected":false},"excerpt":{"rendered":"How Can We Help You Area Of Practice Family Law I must explain to you how all this mistaken idea of denouncing pleasure and praising pain Read More Personal Injury I must explain to you how all this mistaken idea of denouncing pleasure and praising pain Read More Criminal Law I must explain to you ","protected":false},"author":1,"featured_media":0,"parent":0,"menu_order":0,"comment_status":"closed","ping_status":"closed","template":"elementor_header_footer","meta":{"footnotes":""},"class_list":["post-239","page","type-page","status-publish","hentry"],"_links":{"self":[{"href":"https:\/\/finna.moebiusinteractive.hu\/index.php\/wp-json\/wp\/v2\/pages\/239","targetHints":{"allow":["GET"]}}],"collection":[{"href":"https:\/\/finna.moebiusinteractive.hu\/index.php\/wp-json\/wp\/v2\/pages"}],"about":[{"href":"https:\/\/finna.moebiusinteractive.hu\/index.php\/wp-json\/wp\/v2\/types\/page"}],"author":[{"embeddable":true,"href":"https:\/\/finna.moebiusinteractive.hu\/index.php\/wp-json\/wp\/v2\/users\/1"}],"replies":[{"embeddable":true,"href":"https:\/\/finna.moebiusinteractive.hu\/index.php\/wp-json\/wp\/v2\/comments?post=239"}],"version-history":[{"count":0,"href":"https:\/\/finna.moebiusinteractive.hu\/index.php\/wp-json\/wp\/v2\/pages\/239\/revisions"}],"wp:attachment":[{"href":"https:\/\/finna.moebiusinteractive.hu\/index.php\/wp-json\/wp\/v2\/media?parent=239"}],"curies":[{"name":"wp","href":"https:\/\/api.w.org\/{rel}","templated":true}]}}